{"id":326,"date":"2025-10-10T13:14:34","date_gmt":"2025-10-10T13:14:34","guid":{"rendered":"https:\/\/pusem1.pirireis.edu.tr\/?page_id=326"},"modified":"2025-10-13T10:54:03","modified_gmt":"2025-10-13T10:54:03","slug":"dokuman","status":"publish","type":"page","link":"https:\/\/pusem.pirireis.edu.tr\/en\/dokuman\/","title":{"rendered":"D\u00f6k\u00fcman"},"content":{"rendered":"<div style=\"\n  background:#fff;\n  border-left:6px solid #2563eb;\n  border-radius:10px;\n  padding:2rem;\n  margin-top:40px;\n  box-shadow:0 1px 5px rgba(0,0,0,0.05);\n\"><\/p>\n<h2 style=\"font-size:1.6rem;font-weight:700;color:#111827;margin-bottom:1rem;\">\n    Kurs \u00dccretinin Yat\u0131r\u0131laca\u011f\u0131 Banka Hesap Bilgileri<br \/>\n  <\/h2>\n<p style=\"font-size:1.05rem;color:#374151;line-height:1.7;margin-bottom:1.8rem;\">\n    Kay\u0131t i\u00e7in <strong>Piri Reis \u00dcniversitesi S\u00fcrekli E\u011fitim Merkezi<\/strong>\u2019ne gelirken, a\u015fa\u011f\u0131daki<br \/>\n    <strong>Kursiyer Bilgi Formu<\/strong>nu indirip doldurman\u0131z durumunda kay\u0131t i\u015flemleriniz<br \/>\n    yaln\u0131zca birka\u00e7 dakikada tamamlanacakt\u0131r.\n  <\/p>\n<div style=\"display:flex;gap:0.4rem;flex-wrap:wrap; align-items: baseline;\">\n    <a href=\"\/wp-content\/uploads\/2025\/10\/FR.SEM_.15-KURSIYER-BILGI-FORMU.pdf\"\n       target=\"_blank\" style=\"background:#dc2626;color:#fff; padding:0.6rem 1.4rem;\n       border-radius:8px;text-decoration:none;font-weight:600;\">PDF \u0130ndir<\/a><\/p>\n<p>    <a href=\"\/wp-content\/uploads\/2025\/10\/FR.SEM_.15-KURSIYER-BILGI-FORMU.doc\"\n       target=\"_blank\" style=\"display: flex; background:#2563eb;color:#fff;padding:0.6rem 1.4rem;\n       border-radius:8px;text-decoration:none;font-weight:600;\">Word \u0130ndir<\/a>\n  <\/div>\n<\/div>\n","protected":false},"excerpt":{"rendered":"<p>Kurs \u00dccretinin Yat\u0131r\u0131laca\u011f\u0131 Banka Hesap Bilgileri Kay\u0131t i\u00e7in Piri Reis \u00dcniversitesi S\u00fcrekli E\u011fitim Merkezi\u2019ne gelirken, a\u015fa\u011f\u0131daki Kursiyer Bilgi Formunu indirip doldurman\u0131z durumunda kay\u0131t i\u015flemleriniz yaln\u0131zca birka\u00e7 dakikada tamamlanacakt\u0131r. PDF \u0130ndir Word \u0130ndir<\/p>\n","protected":false},"author":1,"featured_media":0,"parent":0,"menu_order":0,"comment_status":"closed","ping_status":"closed","template":"page-files.php","meta":{"_acf_changed":false,"footnotes":""},"class_list":["post-326","page","type-page","status-publish","hentry"],"acf":[],"_links":{"self":[{"href":"https:\/\/pusem.pirireis.edu.tr\/en\/wp-json\/wp\/v2\/pages\/326","targetHints":{"allow":["GET"]}}],"collection":[{"href":"https:\/\/pusem.pirireis.edu.tr\/en\/wp-json\/wp\/v2\/pages"}],"about":[{"href":"https:\/\/pusem.pirireis.edu.tr\/en\/wp-json\/wp\/v2\/types\/page"}],"author":[{"embeddable":true,"href":"https:\/\/pusem.pirireis.edu.tr\/en\/wp-json\/wp\/v2\/users\/1"}],"replies":[{"embeddable":true,"href":"https:\/\/pusem.pirireis.edu.tr\/en\/wp-json\/wp\/v2\/comments?post=326"}],"version-history":[{"count":43,"href":"https:\/\/pusem.pirireis.edu.tr\/en\/wp-json\/wp\/v2\/pages\/326\/revisions"}],"predecessor-version":[{"id":793,"href":"https:\/\/pusem.pirireis.edu.tr\/en\/wp-json\/wp\/v2\/pages\/326\/revisions\/793"}],"wp:attachment":[{"href":"https:\/\/pusem.pirireis.edu.tr\/en\/wp-json\/wp\/v2\/media?parent=326"}],"curies":[{"name":"wp","href":"https:\/\/api.w.org\/{rel}","templated":true}]}}